{"id":974,"date":"2021-07-05T08:39:49","date_gmt":"2021-07-05T11:39:49","guid":{"rendered":"https:\/\/schapter.ufpr.br\/portal\/?page_id=974"},"modified":"2021-12-02T20:29:40","modified_gmt":"2021-12-02T23:29:40","slug":"webinarios-2021","status":"publish","type":"page","link":"https:\/\/schapter.ufpr.br\/portal\/webinarios-2021\/","title":{"rendered":"Webin\u00e1rios de 2021"},"content":{"rendered":"\n<p>Em nosso segundo ano, continuamos com a realiza\u00e7\u00e3o de Webin\u00e1rios com diversos temas para divulgar para novos alunos as poss\u00edveis \u00e1rea de pesquisa que engloba a \u00f3ptica.<\/p>\n\n\n\n<p>Seguem os Webin\u00e1rios j\u00e1 realizados:<\/p>\n\n\n\n<p><a href=\"https:\/\/youtu.be\/sJBYgls6Vho\">Controle El\u00e9trico de Nanobast\u00f5es Plasm\u00f4nicos e a N\u00e3o Linearidade \u00d3ptica &#8211; Prof\u00aa Isabel Carvalho da PUC Rio;<\/a><\/p>\n\n\n\n<p><a href=\"https:\/\/www.youtube.com\/watch?v=nq2zsH5AoBE\" data-type=\"URL\">Tip Enhanced Raman Spectroscopy: Uma nova forma de olhar a escala nano &#8211; Rafael Nadas da UFMG;<\/a><\/p>\n\n\n\n<p><a href=\"https:\/\/youtu.be\/_dKWqza7ieI\">Experimentos de \u00f3ptica que podemos fazer com um Smartphone &#8211; Prof. Dr. Wido H. Schreiner da UTFPR;<\/a><\/p>\n\n\n\n<p><a href=\"https:\/\/youtu.be\/AP25Et2glSo?list=PLW-cTGu97jMNkN7tem_967tryh9j6TwF-\">Laser&#8217;s Aleat\u00f3rios e Laser&#8217;s de Fibra Aleat\u00f3rios &#8211; Prof. Anderson S. L. Gomes da UFPE;<\/a><\/p>\n\n\n\n<p><a href=\"https:\/\/youtu.be\/m5v5toGAx_s?list=PLW-cTGu97jMNkN7tem_967tryh9j6TwF-\">Computa\u00e7\u00e3o qu\u00e2ntica com \u00f3ptica (ou \u201co que f\u00f3tons fazem melhor do que caranguejos?\u201d) &#8211; Prof. Daniel Brod da UFF;<\/a><\/p>\n\n\n\n<p><a href=\"https:\/\/youtu.be\/hmBf2gLQQvA\">Luz e Lasers &#8211; Prof. Tomaz Catunda do IFSC &#8211; USP.<\/a><\/p>\n","protected":false},"excerpt":{"rendered":"<p>Em nosso segundo ano, continuamos com a realiza\u00e7\u00e3o de Webin\u00e1rios com diversos temas para divulgar para novos alunos as poss\u00edveis \u00e1rea de pesquisa que engloba [&hellip;]<\/p>\n","protected":false},"author":3,"featured_media":0,"parent":0,"menu_order":0,"comment_status":"closed","ping_status":"closed","template":"","meta":[],"_links":{"self":[{"href":"https:\/\/schapter.ufpr.br\/portal\/wp-json\/wp\/v2\/pages\/974"}],"collection":[{"href":"https:\/\/schapter.ufpr.br\/portal\/wp-json\/wp\/v2\/pages"}],"about":[{"href":"https:\/\/schapter.ufpr.br\/portal\/wp-json\/wp\/v2\/types\/page"}],"author":[{"embeddable":true,"href":"https:\/\/schapter.ufpr.br\/portal\/wp-json\/wp\/v2\/users\/3"}],"replies":[{"embeddable":true,"href":"https:\/\/schapter.ufpr.br\/portal\/wp-json\/wp\/v2\/comments?post=974"}],"version-history":[{"count":9,"href":"https:\/\/schapter.ufpr.br\/portal\/wp-json\/wp\/v2\/pages\/974\/revisions"}],"predecessor-version":[{"id":1971,"href":"https:\/\/schapter.ufpr.br\/portal\/wp-json\/wp\/v2\/pages\/974\/revisions\/1971"}],"wp:attachment":[{"href":"https:\/\/schapter.ufpr.br\/portal\/wp-json\/wp\/v2\/media?parent=974"}],"curies":[{"name":"wp","href":"https:\/\/api.w.org\/{rel}","templated":true}]}}