{"id":957,"date":"2021-07-05T08:37:09","date_gmt":"2021-07-05T11:37:09","guid":{"rendered":"https:\/\/schapter.ufpr.br\/portal\/?page_id=957"},"modified":"2023-03-28T19:35:36","modified_gmt":"2023-03-28T22:35:36","slug":"o-pais-de-gigantes","status":"publish","type":"page","link":"https:\/\/schapter.ufpr.br\/portal\/o-pais-de-gigantes\/","title":{"rendered":"O Pa\u00eds de Gigantes"},"content":{"rendered":"\n<p>O nome do Projeto se inspira na frase marcante do Gigante da F\u00edsica, <em><strong>Sir Isaac Newton<\/strong><\/em> que de forma an\u00e1loga se refere aos <strong>Grandes Nomes<\/strong> da <strong>Ci\u00eancia Brasileira<\/strong> que pouco s\u00e3o comentados:<\/p>\n\n\n\n<figure class=\"wp-block-pullquote\"><blockquote><p>&#8220;Se eu vi mais longe, foi porque estava sobre os ombros de gigantes&#8221;.<\/p><cite>Sir Isaac Newton &#8211; 1675.<\/cite><\/blockquote><\/figure>\n\n\n\n<p class=\"has-normal-font-size\">A met\u00e1fora dos an\u00f5es estarem sobre ombros de gigantes (em latim: <em>nanos gigantum humeris insidentes<\/em>) expressa o significado de &#8220;descobrir a verdade a partir das descobertas anteriores&#8221;. Esse conceito tem origem no s\u00e9culo XII, e \u00e9 atribu\u00eddo a <strong>Bernardo de Chartres<\/strong>. Seu uso mais conhecido procede de <strong>Isaac Newton<\/strong>, que escreveu em 1675.<\/p>\n\n\n\n<p>Nosso Pa\u00eds possui grandes nomes que contribuiram para o avan\u00e7o e desenvolvimento da <strong>Ci\u00eancia e Tecnologia<\/strong>. Infelizmente alguns nomes s\u00e3o <strong>ofuscados <\/strong>e muito menos <strong>lembrados <\/strong>por terem desenvolvido algo anterior a outros pesquisadores. Este quadro promove uma <strong>corre\u00e7\u00e3o hist\u00f3rica<\/strong> e a <strong>divulga\u00e7\u00e3o <\/strong>de Pesquisadores Brasileiros que por meio de suas pesquisas possibilitaram o <strong>avan\u00e7o da Ci\u00eancia<\/strong>.<\/p>\n\n\n\n<div class=\"wp-block-image\"><figure class=\"aligncenter size-large is-resized\"><img loading=\"lazy\" src=\"https:\/\/schapter.ufpr.br\/portal\/wp-content\/uploads\/2022\/01\/gigantes-sem-fundo-1024x697.png\" alt=\"\" class=\"wp-image-2107\" width=\"512\" height=\"349\" srcset=\"https:\/\/schapter.ufpr.br\/portal\/wp-content\/uploads\/2022\/01\/gigantes-sem-fundo-1024x697.png 1024w, https:\/\/schapter.ufpr.br\/portal\/wp-content\/uploads\/2022\/01\/gigantes-sem-fundo-300x204.png 300w, https:\/\/schapter.ufpr.br\/portal\/wp-content\/uploads\/2022\/01\/gigantes-sem-fundo-768x523.png 768w, https:\/\/schapter.ufpr.br\/portal\/wp-content\/uploads\/2022\/01\/gigantes-sem-fundo-1536x1045.png 1536w, https:\/\/schapter.ufpr.br\/portal\/wp-content\/uploads\/2022\/01\/gigantes-sem-fundo-2048x1394.png 2048w, https:\/\/schapter.ufpr.br\/portal\/wp-content\/uploads\/2022\/01\/gigantes-sem-fundo-144x98.png 144w, https:\/\/schapter.ufpr.br\/portal\/wp-content\/uploads\/2022\/01\/gigantes-sem-fundo-75x51.png 75w\" sizes=\"(max-width: 512px) 100vw, 512px\" \/><figcaption>Ilustra\u00e7\u00e3o: Marcelo Jean Machado e Mois\u00e9s Willian de Almeida.<\/figcaption><\/figure><\/div>\n\n\n\n<p>A logo desta atividade tem como base tr\u00eas grandes pesquisadores que este Pa\u00eds teve o prazer de criar. Ao centro temos <strong>Cesar Lattes<\/strong>, que descobriu uma <strong>part\u00edcula<\/strong> <strong>elementar <\/strong>chamada <strong>M\u00e9son pi<\/strong> que levou \u00e0 concess\u00e3o do <strong>Pr\u00eamio Nobel de 1950 <\/strong>(Cecil Powell). Foi tamb\u00e9m um dos principais respons\u00e1veis pela cria\u00e7\u00e3o do <strong>Conselho Nacional de Desenvolvimento Cient\u00edfico e Tecnol\u00f3gico (CNPq).<\/strong><\/p>\n\n\n\n<p>Ao lado esquerdo,a <strong>Yvonne Mascarenhas<\/strong>, pioneira na <strong>qu\u00edmica <\/strong>e a primeira <strong>mulher <\/strong>a ocupar um cadeira no <strong>Departamento de F\u00edsica da Escola de Engenharia de S\u00e3o Carlos<\/strong>. Contribuiu tanto para a <strong>Ci\u00eancia <\/strong>quanto para o movimento de <strong>igualdade de g\u00eanero do pa\u00eds.<\/strong><\/p>\n\n\n\n<p>A direita o not\u00e1vel <strong>Professor S\u00e9rgio Porto<\/strong> (1926 &#8211; 1979) que na d\u00e9cada de 70 trabalhou com o <strong>Laureado em F\u00edsica de 1964 (Charles Townes)<\/strong> por desenvolver o <strong>LASER <\/strong>nos <strong>Laborat\u00f3rios Bell (EUA)<\/strong>. Foi ele quem <strong>trouxe <\/strong>para o <strong>Brasil <\/strong>e viu a possibilidade das aplica\u00e7\u00f5es do LASER na <strong>\u00e1rea da Sa\u00fade<\/strong>.<\/p>\n\n\n\n<p>Algumas publica\u00e7\u00f5es:<\/p>\n\n\n\n<div class=\"wp-block-image\"><figure class=\"aligncenter size-large is-resized\"><a href=\"https:\/\/schapter.ufpr.br\/portal\/2022\/03\/14\/o-pais-de-gigantes-cesar-lattes\/\"><img loading=\"lazy\" src=\"https:\/\/schapter.ufpr.br\/portal\/wp-content\/uploads\/2023\/03\/lattes1-1024x1024.png\" alt=\"\" class=\"wp-image-2473\" width=\"350\" height=\"350\" srcset=\"https:\/\/schapter.ufpr.br\/portal\/wp-content\/uploads\/2023\/03\/lattes1-1024x1024.png 1024w, https:\/\/schapter.ufpr.br\/portal\/wp-content\/uploads\/2023\/03\/lattes1-300x300.png 300w, https:\/\/schapter.ufpr.br\/portal\/wp-content\/uploads\/2023\/03\/lattes1-150x150.png 150w, https:\/\/schapter.ufpr.br\/portal\/wp-content\/uploads\/2023\/03\/lattes1-768x768.png 768w, https:\/\/schapter.ufpr.br\/portal\/wp-content\/uploads\/2023\/03\/lattes1-98x98.png 98w, https:\/\/schapter.ufpr.br\/portal\/wp-content\/uploads\/2023\/03\/lattes1-57x57.png 57w, https:\/\/schapter.ufpr.br\/portal\/wp-content\/uploads\/2023\/03\/lattes1.png 1080w\" sizes=\"(max-width: 350px) 100vw, 350px\" \/><\/a><figcaption>Ilustra\u00e7\u00e3o: Marcelo Prado Cionek e Mois\u00e9s Willian de Almeida<\/figcaption><\/figure><\/div>\n\n\n\n<div class=\"wp-block-image\"><figure class=\"alignleft size-large is-resized\"><a href=\"https:\/\/schapter.ufpr.br\/portal\/2023\/03\/03\/yvonne-mascarenhas\/\"><img loading=\"lazy\" src=\"https:\/\/schapter.ufpr.br\/portal\/wp-content\/uploads\/2023\/03\/yvone-1.png\" alt=\"\" class=\"wp-image-2471\" width=\"350\" height=\"350\" srcset=\"https:\/\/schapter.ufpr.br\/portal\/wp-content\/uploads\/2023\/03\/yvone-1.png 613w, https:\/\/schapter.ufpr.br\/portal\/wp-content\/uploads\/2023\/03\/yvone-1-300x300.png 300w, https:\/\/schapter.ufpr.br\/portal\/wp-content\/uploads\/2023\/03\/yvone-1-150x150.png 150w, https:\/\/schapter.ufpr.br\/portal\/wp-content\/uploads\/2023\/03\/yvone-1-98x98.png 98w, https:\/\/schapter.ufpr.br\/portal\/wp-content\/uploads\/2023\/03\/yvone-1-57x57.png 57w\" sizes=\"(max-width: 350px) 100vw, 350px\" \/><\/a><figcaption>Ilustra\u00e7\u00e3o: Marcelo Jean Machado e Mois\u00e9s Willian de Almeida.<\/figcaption><\/figure><\/div>\n\n\n\n<div class=\"wp-block-group\"><div class=\"wp-block-group__inner-container\">\n<div class=\"wp-block-image\"><figure class=\"alignright size-large is-resized\"><a href=\"https:\/\/schapter.ufpr.br\/portal\/2023\/03\/03\/sergio-porto\/\"><img loading=\"lazy\" src=\"https:\/\/schapter.ufpr.br\/portal\/wp-content\/uploads\/2023\/03\/sergio1-1024x1024.png\" alt=\"\" class=\"wp-image-2500\" width=\"350\" height=\"350\" srcset=\"https:\/\/schapter.ufpr.br\/portal\/wp-content\/uploads\/2023\/03\/sergio1-1024x1024.png 1024w, https:\/\/schapter.ufpr.br\/portal\/wp-content\/uploads\/2023\/03\/sergio1-300x300.png 300w, https:\/\/schapter.ufpr.br\/portal\/wp-content\/uploads\/2023\/03\/sergio1-150x150.png 150w, https:\/\/schapter.ufpr.br\/portal\/wp-content\/uploads\/2023\/03\/sergio1-768x768.png 768w, https:\/\/schapter.ufpr.br\/portal\/wp-content\/uploads\/2023\/03\/sergio1-98x98.png 98w, https:\/\/schapter.ufpr.br\/portal\/wp-content\/uploads\/2023\/03\/sergio1-57x57.png 57w, https:\/\/schapter.ufpr.br\/portal\/wp-content\/uploads\/2023\/03\/sergio1.png 1080w\" sizes=\"(max-width: 350px) 100vw, 350px\" \/><\/a><figcaption>Ilustra\u00e7\u00e3o: Marcelo Jean Machado<\/figcaption><\/figure><\/div>\n<\/div><\/div>\n\n\n\n<figure class=\"wp-block-image\"><img alt=\"\"\/><\/figure>\n\n\n\n<div class=\"wp-block-image\"><figure class=\"aligncenter size-large is-resized\"><a href=\"https:\/\/schapter.ufpr.br\/portal\/2023\/03\/03\/sergio-mascarenhas\/\"><img loading=\"lazy\" src=\"https:\/\/schapter.ufpr.br\/portal\/wp-content\/uploads\/2023\/03\/sergio-mascarenhas-1-1024x1024.png\" alt=\"\" class=\"wp-image-2508\" width=\"350\" height=\"350\" srcset=\"https:\/\/schapter.ufpr.br\/portal\/wp-content\/uploads\/2023\/03\/sergio-mascarenhas-1-1024x1024.png 1024w, https:\/\/schapter.ufpr.br\/portal\/wp-content\/uploads\/2023\/03\/sergio-mascarenhas-1-300x300.png 300w, https:\/\/schapter.ufpr.br\/portal\/wp-content\/uploads\/2023\/03\/sergio-mascarenhas-1-150x150.png 150w, https:\/\/schapter.ufpr.br\/portal\/wp-content\/uploads\/2023\/03\/sergio-mascarenhas-1-768x768.png 768w, https:\/\/schapter.ufpr.br\/portal\/wp-content\/uploads\/2023\/03\/sergio-mascarenhas-1-98x98.png 98w, https:\/\/schapter.ufpr.br\/portal\/wp-content\/uploads\/2023\/03\/sergio-mascarenhas-1-57x57.png 57w, https:\/\/schapter.ufpr.br\/portal\/wp-content\/uploads\/2023\/03\/sergio-mascarenhas-1.png 1080w\" sizes=\"(max-width: 350px) 100vw, 350px\" \/><\/a><figcaption>Ilustra\u00e7\u00e3o: Marcelo Jean Machado<\/figcaption><\/figure><\/div>\n","protected":false},"excerpt":{"rendered":"<p>O nome do Projeto se inspira na frase marcante do Gigante da F\u00edsica, Sir Isaac Newton que de forma an\u00e1loga se refere aos Grandes Nomes [&hellip;]<\/p>\n","protected":false},"author":3,"featured_media":0,"parent":0,"menu_order":0,"comment_status":"closed","ping_status":"closed","template":"","meta":[],"_links":{"self":[{"href":"https:\/\/schapter.ufpr.br\/portal\/wp-json\/wp\/v2\/pages\/957"}],"collection":[{"href":"https:\/\/schapter.ufpr.br\/portal\/wp-json\/wp\/v2\/pages"}],"about":[{"href":"https:\/\/schapter.ufpr.br\/portal\/wp-json\/wp\/v2\/types\/page"}],"author":[{"embeddable":true,"href":"https:\/\/schapter.ufpr.br\/portal\/wp-json\/wp\/v2\/users\/3"}],"replies":[{"embeddable":true,"href":"https:\/\/schapter.ufpr.br\/portal\/wp-json\/wp\/v2\/comments?post=957"}],"version-history":[{"count":27,"href":"https:\/\/schapter.ufpr.br\/portal\/wp-json\/wp\/v2\/pages\/957\/revisions"}],"predecessor-version":[{"id":2527,"href":"https:\/\/schapter.ufpr.br\/portal\/wp-json\/wp\/v2\/pages\/957\/revisions\/2527"}],"wp:attachment":[{"href":"https:\/\/schapter.ufpr.br\/portal\/wp-json\/wp\/v2\/media?parent=957"}],"curies":[{"name":"wp","href":"https:\/\/api.w.org\/{rel}","templated":true}]}}