{"id":81,"date":"2021-05-07T09:39:43","date_gmt":"2021-05-07T12:39:43","guid":{"rendered":"https:\/\/schapter.ufpr.br\/portal\/?page_id=81"},"modified":"2022-04-03T00:01:45","modified_gmt":"2022-04-03T03:01:45","slug":"optica-geek","status":"publish","type":"page","link":"https:\/\/schapter.ufpr.br\/portal\/optica-geek\/","title":{"rendered":"\u00d3ptica Geek"},"content":{"rendered":"\n<p>O \u00d3ptica Geek \u00e9 um quadro que explica elementos do universo geek e pop, utilizando muita f\u00edsica e criatividade. Nosso objetivo \u00e9 propagar a ci\u00eancia de forma mais descontra\u00edda e divertida, tendo como protagonista a \u00f3ptica.<\/p>\n\n\n\n<p><br>\u00c9 muito importante para o UFPR Student Chapter, que o jovem e o adolescente, veja que a ci\u00eancia est\u00e1 muito al\u00e9m dos muros das grandes institui\u00e7\u00f5es e laborat\u00f3rios, pois o que d\u00e1 origem a ela, s\u00e3o as perguntas mais inusitadas e que aparentam ser pequenas. Portanto tamb\u00e9m \u00e9 um espa\u00e7o para desenvolver seu cientista interior e come\u00e7ar a fazer perguntas que jamais se fez antes.<\/p>\n\n\n\n<div class=\"wp-block-image\"><figure class=\"aligncenter size-large is-resized\"><img loading=\"lazy\" src=\"https:\/\/schapter.ufpr.br\/portal\/wp-content\/uploads\/2021\/05\/banner-op-geek_.jpeg\" alt=\"\" class=\"wp-image-707\" width=\"404\" height=\"242\" srcset=\"https:\/\/schapter.ufpr.br\/portal\/wp-content\/uploads\/2021\/05\/banner-op-geek_.jpeg 808w, https:\/\/schapter.ufpr.br\/portal\/wp-content\/uploads\/2021\/05\/banner-op-geek_-300x180.jpeg 300w, https:\/\/schapter.ufpr.br\/portal\/wp-content\/uploads\/2021\/05\/banner-op-geek_-768x460.jpeg 768w, https:\/\/schapter.ufpr.br\/portal\/wp-content\/uploads\/2021\/05\/banner-op-geek_-164x98.jpeg 164w, https:\/\/schapter.ufpr.br\/portal\/wp-content\/uploads\/2021\/05\/banner-op-geek_-75x45.jpeg 75w\" sizes=\"(max-width: 404px) 100vw, 404px\" \/><figcaption>Ilustra\u00e7\u00e3o: Maria Jackeline Rodrigues dos Santos.<\/figcaption><\/figure><\/div>\n\n\n\n<p>Algumas publica\u00e7\u00f5es:<\/p>\n\n\n\n<div class=\"wp-block-columns\">\n<div class=\"wp-block-column\">\n<figure class=\"wp-block-embed is-type-wp-embed is-provider-ufpr-optica-student-chapter wp-block-embed-ufpr-optica-student-chapter\"><div class=\"wp-block-embed__wrapper\">\n<blockquote class=\"wp-embedded-content\" data-secret=\"CXwwF6ctq0\"><a href=\"https:\/\/schapter.ufpr.br\/portal\/2021\/06\/01\/optica-geek\/\">\u00d3ptica Geek: Sonic e a Velocidade da Luz.<\/a><\/blockquote><iframe class=\"wp-embedded-content\" sandbox=\"allow-scripts\" security=\"restricted\" style=\"position: absolute; clip: rect(1px, 1px, 1px, 1px);\" title=\"&#8220;\u00d3ptica Geek: Sonic e a Velocidade da Luz.&#8221; &#8212; UFPR OPTICA Student Chapter\" src=\"https:\/\/schapter.ufpr.br\/portal\/2021\/06\/01\/optica-geek\/embed\/#?secret=CXwwF6ctq0\" data-secret=\"CXwwF6ctq0\" width=\"500\" height=\"282\" frameborder=\"0\" marginwidth=\"0\" marginheight=\"0\" scrolling=\"no\"><\/iframe>\n<\/div><\/figure>\n<\/div>\n\n\n\n<div class=\"wp-block-column\">\n<figure class=\"wp-block-embed is-type-wp-embed is-provider-ufpr-optica-student-chapter wp-block-embed-ufpr-optica-student-chapter\"><div class=\"wp-block-embed__wrapper\">\n<blockquote class=\"wp-embedded-content\" data-secret=\"vcikD55YlU\"><a href=\"https:\/\/schapter.ufpr.br\/portal\/2021\/07\/12\/optica-geek-o-sabre-de-luz\/\">\u00d3ptica Geek: O Sabre de Luz.<\/a><\/blockquote><iframe class=\"wp-embedded-content\" sandbox=\"allow-scripts\" security=\"restricted\" style=\"position: absolute; clip: rect(1px, 1px, 1px, 1px);\" title=\"&#8220;\u00d3ptica Geek: O Sabre de Luz.&#8221; &#8212; UFPR OPTICA Student Chapter\" src=\"https:\/\/schapter.ufpr.br\/portal\/2021\/07\/12\/optica-geek-o-sabre-de-luz\/embed\/#?secret=vcikD55YlU\" data-secret=\"vcikD55YlU\" width=\"500\" height=\"282\" frameborder=\"0\" marginwidth=\"0\" marginheight=\"0\" scrolling=\"no\"><\/iframe>\n<\/div><\/figure>\n<\/div>\n<\/div>\n\n\n\n<div class=\"wp-block-columns\">\n<div class=\"wp-block-column\">\n<figure class=\"wp-block-embed is-type-wp-embed is-provider-ufpr-optica-student-chapter wp-block-embed-ufpr-optica-student-chapter\"><div class=\"wp-block-embed__wrapper\">\n<blockquote class=\"wp-embedded-content\" data-secret=\"CG2LJhnGoX\"><a href=\"https:\/\/schapter.ufpr.br\/portal\/2021\/08\/27\/optica-geek-o-desiluminador-e-a-luz\/\">\u00d3ptica Geek: O Desiluminador e a Luz<\/a><\/blockquote><iframe class=\"wp-embedded-content\" sandbox=\"allow-scripts\" security=\"restricted\" style=\"position: absolute; clip: rect(1px, 1px, 1px, 1px);\" title=\"&#8220;\u00d3ptica Geek: O Desiluminador e a Luz&#8221; &#8212; UFPR OPTICA Student Chapter\" src=\"https:\/\/schapter.ufpr.br\/portal\/2021\/08\/27\/optica-geek-o-desiluminador-e-a-luz\/embed\/#?secret=CG2LJhnGoX\" data-secret=\"CG2LJhnGoX\" width=\"500\" height=\"282\" frameborder=\"0\" marginwidth=\"0\" marginheight=\"0\" scrolling=\"no\"><\/iframe>\n<\/div><\/figure>\n<\/div>\n\n\n\n<div class=\"wp-block-column\">\n<figure class=\"wp-block-embed is-type-wp-embed is-provider-ufpr-optica-student-chapter wp-block-embed-ufpr-optica-student-chapter\"><div class=\"wp-block-embed__wrapper\">\n<blockquote class=\"wp-embedded-content\" data-secret=\"CbTBsppPFv\"><a href=\"https:\/\/schapter.ufpr.br\/portal\/2021\/09\/21\/optica-geek-a-entrevista-do-hulk\/\">\u00d3ptica Geek: A Entrevista do Hulk<\/a><\/blockquote><iframe class=\"wp-embedded-content\" sandbox=\"allow-scripts\" security=\"restricted\" style=\"position: absolute; clip: rect(1px, 1px, 1px, 1px);\" title=\"&#8220;\u00d3ptica Geek: A Entrevista do Hulk&#8221; &#8212; UFPR OPTICA Student Chapter\" src=\"https:\/\/schapter.ufpr.br\/portal\/2021\/09\/21\/optica-geek-a-entrevista-do-hulk\/embed\/#?secret=CbTBsppPFv\" data-secret=\"CbTBsppPFv\" width=\"500\" height=\"282\" frameborder=\"0\" marginwidth=\"0\" marginheight=\"0\" scrolling=\"no\"><\/iframe>\n<\/div><\/figure>\n<\/div>\n<\/div>\n\n\n\n<div class=\"wp-block-columns\">\n<div class=\"wp-block-column\">\n<figure class=\"wp-block-embed is-type-wp-embed is-provider-ufpr-optica-student-chapter wp-block-embed-ufpr-optica-student-chapter\"><div class=\"wp-block-embed__wrapper\">\n<blockquote class=\"wp-embedded-content\" data-secret=\"p7oAFCTx7p\"><a href=\"https:\/\/schapter.ufpr.br\/portal\/2021\/11\/30\/optica-geek-a-energia-sonora-e-monstros-s-a\/\">\u00d3ptica Geek: A energia sonora e Monstros S.A<\/a><\/blockquote><iframe class=\"wp-embedded-content\" sandbox=\"allow-scripts\" security=\"restricted\" style=\"position: absolute; clip: rect(1px, 1px, 1px, 1px);\" title=\"&#8220;\u00d3ptica Geek: A energia sonora e Monstros S.A&#8221; &#8212; UFPR OPTICA Student Chapter\" src=\"https:\/\/schapter.ufpr.br\/portal\/2021\/11\/30\/optica-geek-a-energia-sonora-e-monstros-s-a\/embed\/#?secret=p7oAFCTx7p\" data-secret=\"p7oAFCTx7p\" width=\"500\" height=\"282\" frameborder=\"0\" marginwidth=\"0\" marginheight=\"0\" scrolling=\"no\"><\/iframe>\n<\/div><\/figure>\n<\/div>\n\n\n\n<div class=\"wp-block-column\">\n<figure class=\"wp-block-embed is-type-wp-embed is-provider-ufpr-optica-student-chapter wp-block-embed-ufpr-optica-student-chapter\"><div class=\"wp-block-embed__wrapper\">\n<blockquote class=\"wp-embedded-content\" data-secret=\"eIY3PNJBaM\"><a href=\"https:\/\/schapter.ufpr.br\/portal\/2022\/01\/31\/optica-geek-a-maior-inimiga-do-homem-aranha\/\">\u00d3ptica Geek: A maior inimiga do Homem- Aranha<\/a><\/blockquote><iframe class=\"wp-embedded-content\" sandbox=\"allow-scripts\" security=\"restricted\" style=\"position: absolute; clip: rect(1px, 1px, 1px, 1px);\" title=\"&#8220;\u00d3ptica Geek: A maior inimiga do Homem- Aranha&#8221; &#8212; UFPR OPTICA Student Chapter\" src=\"https:\/\/schapter.ufpr.br\/portal\/2022\/01\/31\/optica-geek-a-maior-inimiga-do-homem-aranha\/embed\/#?secret=eIY3PNJBaM\" data-secret=\"eIY3PNJBaM\" width=\"500\" height=\"282\" frameborder=\"0\" marginwidth=\"0\" marginheight=\"0\" scrolling=\"no\"><\/iframe>\n<\/div><\/figure>\n<\/div>\n<\/div>\n\n\n\n<figure class=\"wp-block-embed is-type-wp-embed is-provider-ufpr-optica-student-chapter wp-block-embed-ufpr-optica-student-chapter\"><div class=\"wp-block-embed__wrapper\">\n<blockquote class=\"wp-embedded-content\" data-secret=\"BaSfX2Gk5M\"><a href=\"https:\/\/schapter.ufpr.br\/portal\/2022\/03\/14\/optica-geek-como-funcionam-as-cores\/\">\u00d3ptica Geek: Como funcionam as cores<\/a><\/blockquote><iframe class=\"wp-embedded-content\" sandbox=\"allow-scripts\" security=\"restricted\" style=\"position: absolute; clip: rect(1px, 1px, 1px, 1px);\" title=\"&#8220;\u00d3ptica Geek: Como funcionam as cores&#8221; &#8212; UFPR OPTICA Student Chapter\" src=\"https:\/\/schapter.ufpr.br\/portal\/2022\/03\/14\/optica-geek-como-funcionam-as-cores\/embed\/#?secret=BaSfX2Gk5M\" data-secret=\"BaSfX2Gk5M\" width=\"500\" height=\"282\" frameborder=\"0\" marginwidth=\"0\" marginheight=\"0\" scrolling=\"no\"><\/iframe>\n<\/div><\/figure>\n","protected":false},"excerpt":{"rendered":"<p>O \u00d3ptica Geek \u00e9 um quadro que explica elementos do universo geek e pop, utilizando muita f\u00edsica e criatividade. Nosso objetivo \u00e9 propagar a ci\u00eancia [&hellip;]<\/p>\n","protected":false},"author":21,"featured_media":0,"parent":0,"menu_order":0,"comment_status":"closed","ping_status":"closed","template":"","meta":[],"_links":{"self":[{"href":"https:\/\/schapter.ufpr.br\/portal\/wp-json\/wp\/v2\/pages\/81"}],"collection":[{"href":"https:\/\/schapter.ufpr.br\/portal\/wp-json\/wp\/v2\/pages"}],"about":[{"href":"https:\/\/schapter.ufpr.br\/portal\/wp-json\/wp\/v2\/types\/page"}],"author":[{"embeddable":true,"href":"https:\/\/schapter.ufpr.br\/portal\/wp-json\/wp\/v2\/users\/21"}],"replies":[{"embeddable":true,"href":"https:\/\/schapter.ufpr.br\/portal\/wp-json\/wp\/v2\/comments?post=81"}],"version-history":[{"count":18,"href":"https:\/\/schapter.ufpr.br\/portal\/wp-json\/wp\/v2\/pages\/81\/revisions"}],"predecessor-version":[{"id":2268,"href":"https:\/\/schapter.ufpr.br\/portal\/wp-json\/wp\/v2\/pages\/81\/revisions\/2268"}],"wp:attachment":[{"href":"https:\/\/schapter.ufpr.br\/portal\/wp-json\/wp\/v2\/media?parent=81"}],"curies":[{"name":"wp","href":"https:\/\/api.w.org\/{rel}","templated":true}]}}