{"id":559,"date":"2021-05-28T10:23:40","date_gmt":"2021-05-28T13:23:40","guid":{"rendered":"https:\/\/schapter.ufpr.br\/portal\/?page_id=559"},"modified":"2026-04-29T15:30:40","modified_gmt":"2026-04-29T18:30:40","slug":"webinarios-2020","status":"publish","type":"page","link":"https:\/\/schapter.ufpr.br\/portal\/webinarios-2020\/","title":{"rendered":"Webin\u00e1rios de 2020"},"content":{"rendered":"\n<style>\n    .seminarios-section {\n        \/*font-family: 'Open Sans', sans-serif;*\/\n        color: #333;\n        margin-bottom: 50px;\n    }\n\n.lista-webinarios {\n    max-width: 1000px;\n    margin: 0 auto;\n}\n    .intro {\n        max-width: 850px;\n        margin: 0 auto 40px;\n        text-indent: 30px;\n        line-height: 1.6;\n        font-size: 1em;\n    }\n\n.item-webinario {\n    padding: 15px 10px;\n    border-bottom: 1px solid #ddd;\n}\n\n.item-webinario a {\n    text-decoration: none;\n    color: #7a5299;\n    font-weight: 700;\n}\n\n.item-webinario a:hover {\n    text-decoration: underline;\n}\n\n.info-webinario {\n    font-size: 0.9em;\n    color: #555;\n    margin-top: 5px;\n}\n<\/style>\n\n<div class=\"seminarios-section\">\n\n    <div class=\"intro\">\n        <p>\nEm 2020, realizamos 14 webin\u00e1rios com temas diversos, abrangendo desde aplica\u00e7\u00f5es na \u00e1rea da sa\u00fade at\u00e9 a hist\u00f3ria da \u00d3ptica.\nA seguir, est\u00e3o os webin\u00e1rios do ano.\n    <\/p>\n    <\/div>\n\n<div class=\"item-webinario\">\n    <a href=\"https:\/\/youtu.be\/PB6ICxuQhBs\" target=\"_blank\" rel=\"noopener\">\n        Intera\u00e7\u00e3o luz-mat\u00e9ria no regime n\u00e3o linear: estudos e aplica\u00e7\u00f5es\n    <\/a>\n    <div class=\"info-webinario\">\n        Palestrante: Emerson C. Barbano\n    <\/div>\n<\/div>\n\n<div class=\"item-webinario\">\n    <a href=\"https:\/\/youtu.be\/w6WmYdLrcLc\" target=\"_blank\" rel=\"noopener\">\n        Forma\u00e7\u00e3o e resfriamento de mol\u00e9culas Rb2\n    <\/a>\n    <div class=\"info-webinario\">\n        Palestrante: Luiz Gustavo Marcassa\n    <\/div>\n<\/div>\n\n<div class=\"item-webinario\">\n    <a href=\"https:\/\/youtu.be\/NwZ50np7OWM\" target=\"_blank\" rel=\"noopener\">\n        Aonde est\u00e1 a \u00f3ptica nas ci\u00eancias forenses?\n    <\/a>\n    <div class=\"info-webinario\">\n        Palestrante: Evaldo Ribeiro\n    <\/div>\n<\/div>\n\n<div class=\"item-webinario\">\n    <a href=\"https:\/\/youtu.be\/BYVPJWR31hY\" target=\"_blank\" rel=\"noopener\">\n        Espectroscopia no Infravermelho na caracteriza\u00e7\u00e3o de tecidos biol\u00f3gicos e diagn\u00f3stico de doen\u00e7as\n    <\/a>\n    <div class=\"info-webinario\">\n        Palestrante: Denise M. Zezell\n    <\/div>\n<\/div>\n\n<div class=\"item-webinario\">\n    <a href=\"https:\/\/youtu.be\/ISusAauYM40\" target=\"_blank\" rel=\"noopener\">\n        Uma Breve Hist\u00f3ria da F\u00edsica \u00e0 luz da \u00d3ptica\n    <\/a>\n    <div class=\"info-webinario\">\n        Palestrante: Marlus Khoeler\n    <\/div>\n<\/div>\n\n<div class=\"item-webinario\">\n    <a href=\"https:\/\/youtu.be\/yfycaG3QbOI\" target=\"_blank\" rel=\"noopener\">\n        Pulsos laser de femtossegundos: Conceitos b\u00e1sicos e aplica\u00e7\u00f5es\n    <\/a>\n    <div class=\"info-webinario\">\n        Palestrante: Lino Misoguti\n    <\/div>\n<\/div>\n\n<div class=\"item-webinario\">\n    <a href=\"https:\/\/youtu.be\/KmnrY7z_A74\" target=\"_blank\" rel=\"noopener\">\n        Plasm\u00f4nica: para al\u00e9m do ouro (e da prata)\n    <\/a>\n    <div class=\"info-webinario\">\n        Palestrante: Arandi Ginane Bezerra Jr.\n    <\/div>\n<\/div>\n\n<div class=\"item-webinario\">\n    <a href=\"https:\/\/youtu.be\/IwL7LdJcPuk\" target=\"_blank\" rel=\"noopener\">\n        Terapia fotodin\u00e2mica para o tratamento do c\u00e2ncer e de doen\u00e7as infecciosas\n    <\/a>\n    <div class=\"info-webinario\">\n        Palestrante: Cristina Kurachi\n    <\/div>\n<\/div>\n\n<div class=\"item-webinario\">\n    <a href=\"https:\/\/youtu.be\/rJK-nfSowmc\" target=\"_blank\" rel=\"noopener\">\n        Como \u2018observar\u2019 o movimento de mol\u00e9culas usando flashes de luz LASER\n    <\/a>\n    <div class=\"info-webinario\">\n        Palestrante: Ismael A. Heisler\n    <\/div>\n<\/div>\n\n<div class=\"item-webinario\">\n    <a href=\"https:\/\/youtu.be\/WYlsvNRruNg\" target=\"_blank\" rel=\"noopener\">\n        Biofot\u00f4nica e solu\u00e7\u00f5es para os desafios da sa\u00fade: Do c\u00e2ncer ao COVID\n    <\/a>\n    <div class=\"info-webinario\">\n        Palestrante: Vanderlei S. Bagnato\n    <\/div>\n<\/div>\n\n<div class=\"item-webinario\">\n    <a href=\"https:\/\/youtu.be\/qp_BJlqafgc\" target=\"_blank\" rel=\"noopener\">\n        \u00d3ptica na metrologia de tempo e frequ\u00eancia\n    <\/a>\n    <div class=\"info-webinario\">\n        Palestrante: Daniel Varela Magalh\u00e3es\n    <\/div>\n<\/div>\n\n<div class=\"item-webinario\">\n    <a href=\"https:\/\/youtu.be\/t7I-34lPdYw\" target=\"_blank\" rel=\"noopener\">\n        Caracterizando o que \u00e9 o estudo de sistemas complexos\n    <\/a>\n    <div class=\"info-webinario\">\n        Palestrante: Marcos Gomes E. Luz\n    <\/div>\n<\/div>\n\n<div class=\"item-webinario\">\n    <a href=\"https:\/\/youtu.be\/O06cUFI23WA\" target=\"_blank\" rel=\"noopener\">\n        Hologramas: da fic\u00e7\u00e3o cient\u00edfica \u00e0 realidade no diagn\u00f3stico e tratamento de doen\u00e7as\n    <\/a>\n    <div class=\"info-webinario\">\n        Palestrante: Sebasti\u00e3o Pratavieira\n    <\/div>\n<\/div>\n\n<div class=\"item-webinario\">\n    <a href=\"https:\/\/youtu.be\/SGgc1Q7fOKs\" target=\"_blank\" rel=\"noopener\">\n        Espalhamento Inel\u00e1stico da Luz como uma Poderosa Ferramenta da F\u00edsica da Mat\u00e9ria Condensada\n    <\/a>\n    <div class=\"info-webinario\">\n        Palestrante: Eduardo Granado\n    <\/div>\n<\/div>\n    <\/div>\n","protected":false},"excerpt":{"rendered":"<p>Em 2020, realizamos 14 webin\u00e1rios com temas diversos, abrangendo desde aplica\u00e7\u00f5es na \u00e1rea da sa\u00fade at\u00e9 a hist\u00f3ria da \u00d3ptica. A seguir, est\u00e3o os webin\u00e1rios [&hellip;]<\/p>\n","protected":false},"author":3,"featured_media":0,"parent":0,"menu_order":0,"comment_status":"closed","ping_status":"closed","template":"","meta":[],"_links":{"self":[{"href":"https:\/\/schapter.ufpr.br\/portal\/wp-json\/wp\/v2\/pages\/559"}],"collection":[{"href":"https:\/\/schapter.ufpr.br\/portal\/wp-json\/wp\/v2\/pages"}],"about":[{"href":"https:\/\/schapter.ufpr.br\/portal\/wp-json\/wp\/v2\/types\/page"}],"author":[{"embeddable":true,"href":"https:\/\/schapter.ufpr.br\/portal\/wp-json\/wp\/v2\/users\/3"}],"replies":[{"embeddable":true,"href":"https:\/\/schapter.ufpr.br\/portal\/wp-json\/wp\/v2\/comments?post=559"}],"version-history":[{"count":8,"href":"https:\/\/schapter.ufpr.br\/portal\/wp-json\/wp\/v2\/pages\/559\/revisions"}],"predecessor-version":[{"id":2863,"href":"https:\/\/schapter.ufpr.br\/portal\/wp-json\/wp\/v2\/pages\/559\/revisions\/2863"}],"wp:attachment":[{"href":"https:\/\/schapter.ufpr.br\/portal\/wp-json\/wp\/v2\/media?parent=559"}],"curies":[{"name":"wp","href":"https:\/\/api.w.org\/{rel}","templated":true}]}}