{"id":2801,"date":"2026-04-17T17:28:46","date_gmt":"2026-04-17T20:28:46","guid":{"rendered":"https:\/\/schapter.ufpr.br\/portal\/?page_id=2801"},"modified":"2026-04-17T17:28:46","modified_gmt":"2026-04-17T20:28:46","slug":"gestoes-anteriores","status":"publish","type":"page","link":"https:\/\/schapter.ufpr.br\/portal\/gestoes-anteriores\/","title":{"rendered":"Gest\u00f5es Anteriores"},"content":{"rendered":"\n<h3><strong>6\u00aa Gest\u00e3o Administrativa (2025)<\/strong><\/h3>\n\n\n\n<ul><li><strong>Presidente:<\/strong> Camille Vit\u00f3ria Unger<\/li><li><strong>Vice-Presidente:<\/strong> Monique Aparecida Roscamp<\/li><li><strong>Secret\u00e1ria:<\/strong> Bruna Marcelle Gohl <\/li><li><strong>Tesoureiro:<\/strong> Matheus Reule<\/li><li><strong>Orientador:<\/strong> Emerson Cristiano Barbano<\/li><\/ul>\n\n\n\n<h3><strong>5\u00aa Gest\u00e3o Administrativa (2024)<\/strong><\/h3>\n\n\n\n<ul id=\"block-1460c79d-5b12-4d77-9c22-1b5c42470217\"><li><strong>Presidente:<\/strong> <\/li><li><strong>Vice-Presidente:<\/strong><\/li><li><strong>Secret\u00e1ria:<\/strong><\/li><li><strong>Tesoureiro:<\/strong><\/li><li><strong>Orientador:<\/strong> Emerson Cristiano Barbano<\/li><\/ul>\n\n\n\n<h3><strong>4\u00aa Gest\u00e3o Administrativa (2023)<\/strong><\/h3>\n\n\n\n<ul id=\"block-1460c79d-5b12-4d77-9c22-1b5c42470217\"><li><strong>Presidente:<\/strong> <\/li><li><strong>Vice-Presidente:<\/strong><\/li><li><strong>Secret\u00e1ria:<\/strong><\/li><li><strong>Tesoureiro:<\/strong><\/li><li><strong>Orientador:<\/strong> Emerson Cristiano Barbano<\/li><\/ul>\n\n\n\n<h3><strong>3\u00aa Gest\u00e3o Administrativa (2022)<\/strong><\/h3>\n\n\n\n<ul id=\"block-1460c79d-5b12-4d77-9c22-1b5c42470217\"><li><strong>Presidente:<\/strong> <\/li><li><strong>Vice-Presidente:<\/strong><\/li><li><strong>Secret\u00e1ria:<\/strong><\/li><li><strong>Tesoureiro:<\/strong><\/li><li><strong>Orientador:<\/strong> Emerson Cristiano Barbano<\/li><\/ul>\n\n\n\n<h3><strong>2\u00aa Gest\u00e3o Administrativa (2021)<\/strong><\/h3>\n\n\n\n<ul id=\"block-1460c79d-5b12-4d77-9c22-1b5c42470217\"><li><strong>Presidente:<\/strong> <\/li><li><strong>Vice-Presidente:<\/strong><\/li><li><strong>Secret\u00e1ria:<\/strong><\/li><li><strong>Tesoureiro:<\/strong><\/li><li><strong>Orientador:<\/strong> Emerson Cristiano Barbano<\/li><\/ul>\n\n\n\n<h3><strong>1\u00aa Gest\u00e3o Administrativa (2020)<\/strong><\/h3>\n\n\n\n<ul id=\"block-1460c79d-5b12-4d77-9c22-1b5c42470217\"><li><strong>Presidente:<\/strong> <\/li><li><strong>Vice-Presidente:<\/strong><\/li><li><strong>Secret\u00e1ria:<\/strong><\/li><li><strong>Tesoureiro:<\/strong><\/li><li><strong>Orientador:<\/strong> Emerson Cristiano Barbano<\/li><\/ul>\n","protected":false},"excerpt":{"rendered":"<p>6\u00aa Gest\u00e3o Administrativa (2025) Presidente: Camille Vit\u00f3ria Unger Vice-Presidente: Monique Aparecida Roscamp Secret\u00e1ria: Bruna Marcelle Gohl Tesoureiro: Matheus Reule Orientador: Emerson Cristiano Barbano 5\u00aa Gest\u00e3o [&hellip;]<\/p>\n","protected":false},"author":21,"featured_media":0,"parent":0,"menu_order":0,"comment_status":"closed","ping_status":"closed","template":"","meta":[],"_links":{"self":[{"href":"https:\/\/schapter.ufpr.br\/portal\/wp-json\/wp\/v2\/pages\/2801"}],"collection":[{"href":"https:\/\/schapter.ufpr.br\/portal\/wp-json\/wp\/v2\/pages"}],"about":[{"href":"https:\/\/schapter.ufpr.br\/portal\/wp-json\/wp\/v2\/types\/page"}],"author":[{"embeddable":true,"href":"https:\/\/schapter.ufpr.br\/portal\/wp-json\/wp\/v2\/users\/21"}],"replies":[{"embeddable":true,"href":"https:\/\/schapter.ufpr.br\/portal\/wp-json\/wp\/v2\/comments?post=2801"}],"version-history":[{"count":1,"href":"https:\/\/schapter.ufpr.br\/portal\/wp-json\/wp\/v2\/pages\/2801\/revisions"}],"predecessor-version":[{"id":2802,"href":"https:\/\/schapter.ufpr.br\/portal\/wp-json\/wp\/v2\/pages\/2801\/revisions\/2802"}],"wp:attachment":[{"href":"https:\/\/schapter.ufpr.br\/portal\/wp-json\/wp\/v2\/media?parent=2801"}],"curies":[{"name":"wp","href":"https:\/\/api.w.org\/{rel}","templated":true}]}}