{"id":2597,"date":"2025-04-21T17:53:58","date_gmt":"2025-04-21T20:53:58","guid":{"rendered":"https:\/\/schapter.ufpr.br\/portal\/?page_id=2597"},"modified":"2025-04-21T19:41:15","modified_gmt":"2025-04-21T22:41:15","slug":"spot","status":"publish","type":"page","link":"https:\/\/schapter.ufpr.br\/portal\/spot\/","title":{"rendered":"SPOT"},"content":{"rendered":"\n<p>O quadro mensal SPOT (<em>Science, Photonics and Optics on Tuesday<\/em>) apresenta a ci\u00eancia com humor, tornando conceitos complexos mais acess\u00edveis. As tirinhas despertam a curiosidade de forma leve e criativa, mostrando que a ci\u00eancia pode ser divertida!<\/p>\n","protected":false},"excerpt":{"rendered":"<p>O quadro mensal SPOT (Science, Photonics and Optics on Tuesday) apresenta a ci\u00eancia com humor, tornando conceitos complexos mais acess\u00edveis. As tirinhas despertam a curiosidade [&hellip;]<\/p>\n","protected":false},"author":18,"featured_media":0,"parent":0,"menu_order":0,"comment_status":"closed","ping_status":"closed","template":"","meta":[],"_links":{"self":[{"href":"https:\/\/schapter.ufpr.br\/portal\/wp-json\/wp\/v2\/pages\/2597"}],"collection":[{"href":"https:\/\/schapter.ufpr.br\/portal\/wp-json\/wp\/v2\/pages"}],"about":[{"href":"https:\/\/schapter.ufpr.br\/portal\/wp-json\/wp\/v2\/types\/page"}],"author":[{"embeddable":true,"href":"https:\/\/schapter.ufpr.br\/portal\/wp-json\/wp\/v2\/users\/18"}],"replies":[{"embeddable":true,"href":"https:\/\/schapter.ufpr.br\/portal\/wp-json\/wp\/v2\/comments?post=2597"}],"version-history":[{"count":3,"href":"https:\/\/schapter.ufpr.br\/portal\/wp-json\/wp\/v2\/pages\/2597\/revisions"}],"predecessor-version":[{"id":2623,"href":"https:\/\/schapter.ufpr.br\/portal\/wp-json\/wp\/v2\/pages\/2597\/revisions\/2623"}],"wp:attachment":[{"href":"https:\/\/schapter.ufpr.br\/portal\/wp-json\/wp\/v2\/media?parent=2597"}],"curies":[{"name":"wp","href":"https:\/\/api.w.org\/{rel}","templated":true}]}}