{"id":2589,"date":"2025-04-21T17:49:26","date_gmt":"2025-04-21T20:49:26","guid":{"rendered":"https:\/\/schapter.ufpr.br\/portal\/?page_id=2589"},"modified":"2025-04-21T19:39:10","modified_gmt":"2025-04-21T22:39:10","slug":"datas-especiais","status":"publish","type":"page","link":"https:\/\/schapter.ufpr.br\/portal\/datas-especiais\/","title":{"rendered":"Datas Especiais"},"content":{"rendered":"\n<p>O quadro Datas Especiais procura divulgar dias importantes na Hist\u00f3ria e acontecimentos marcantes na Ci\u00eancia, al\u00e9m de contextualizar e conscientizar sobre a import\u00e2ncia dessas datas.<\/p>\n","protected":false},"excerpt":{"rendered":"<p>O quadro Datas Especiais procura divulgar dias importantes na Hist\u00f3ria e acontecimentos marcantes na Ci\u00eancia, al\u00e9m de contextualizar e conscientizar sobre a import\u00e2ncia dessas datas.<\/p>\n","protected":false},"author":18,"featured_media":0,"parent":0,"menu_order":0,"comment_status":"closed","ping_status":"closed","template":"","meta":[],"_links":{"self":[{"href":"https:\/\/schapter.ufpr.br\/portal\/wp-json\/wp\/v2\/pages\/2589"}],"collection":[{"href":"https:\/\/schapter.ufpr.br\/portal\/wp-json\/wp\/v2\/pages"}],"about":[{"href":"https:\/\/schapter.ufpr.br\/portal\/wp-json\/wp\/v2\/types\/page"}],"author":[{"embeddable":true,"href":"https:\/\/schapter.ufpr.br\/portal\/wp-json\/wp\/v2\/users\/18"}],"replies":[{"embeddable":true,"href":"https:\/\/schapter.ufpr.br\/portal\/wp-json\/wp\/v2\/comments?post=2589"}],"version-history":[{"count":3,"href":"https:\/\/schapter.ufpr.br\/portal\/wp-json\/wp\/v2\/pages\/2589\/revisions"}],"predecessor-version":[{"id":2620,"href":"https:\/\/schapter.ufpr.br\/portal\/wp-json\/wp\/v2\/pages\/2589\/revisions\/2620"}],"wp:attachment":[{"href":"https:\/\/schapter.ufpr.br\/portal\/wp-json\/wp\/v2\/media?parent=2589"}],"curies":[{"name":"wp","href":"https:\/\/api.w.org\/{rel}","templated":true}]}}