{"id":2037,"date":"2021-12-18T11:49:35","date_gmt":"2021-12-18T14:49:35","guid":{"rendered":"https:\/\/schapter.ufpr.br\/portal\/?page_id=2037"},"modified":"2021-12-18T11:49:35","modified_gmt":"2021-12-18T14:49:35","slug":"opem-optica-e-empreendedorismo","status":"publish","type":"page","link":"https:\/\/schapter.ufpr.br\/portal\/opem-optica-e-empreendedorismo\/","title":{"rendered":"OpEm &#8211; \u00d3ptica e Empreendedorismo"},"content":{"rendered":"\n<p>Neste quadro abordamos a rela\u00e7\u00e3o da \u00d3ptica com o empreendedorismo, assim como as oportunidades neste setor.<\/p>\n\n\n\n<div class=\"wp-block-image\"><figure class=\"aligncenter size-large is-resized\"><img loading=\"lazy\" src=\"https:\/\/schapter.ufpr.br\/portal\/wp-content\/uploads\/2021\/12\/opem-preto-1024x1024.png\" alt=\"\" class=\"wp-image-2038\" width=\"400\" height=\"400\" srcset=\"https:\/\/schapter.ufpr.br\/portal\/wp-content\/uploads\/2021\/12\/opem-preto-1024x1024.png 1024w, https:\/\/schapter.ufpr.br\/portal\/wp-content\/uploads\/2021\/12\/opem-preto-300x300.png 300w, https:\/\/schapter.ufpr.br\/portal\/wp-content\/uploads\/2021\/12\/opem-preto-150x150.png 150w, https:\/\/schapter.ufpr.br\/portal\/wp-content\/uploads\/2021\/12\/opem-preto-768x768.png 768w, https:\/\/schapter.ufpr.br\/portal\/wp-content\/uploads\/2021\/12\/opem-preto-98x98.png 98w, https:\/\/schapter.ufpr.br\/portal\/wp-content\/uploads\/2021\/12\/opem-preto-57x57.png 57w, https:\/\/schapter.ufpr.br\/portal\/wp-content\/uploads\/2021\/12\/opem-preto.png 1080w\" sizes=\"(max-width: 400px) 100vw, 400px\" \/><figcaption>Ilustra\u00e7\u00e3o: Marcelo Jean Machado.<\/figcaption><\/figure><\/div>\n\n\n\n<p>Para assistir os semin\u00e1rios que realizamos, acessem a playlist abaixo:<\/p>\n\n\n\n<figure class=\"wp-block-embed is-type-video is-provider-youtube wp-block-embed-youtube wp-embed-aspect-16-9 wp-has-aspect-ratio\"><div class=\"wp-block-embed__wrapper\">\n<iframe title=\"OpEm - \u00d3ptica e Empreendedorismo\" width=\"500\" height=\"281\" src=\"https:\/\/www.youtube.com\/embed\/videoseries?list=PLW-cTGu97jMOX4xcQ70-i73WUfxGyRMCI\" frameborder=\"0\" allow=\"accelerometer; autoplay; clipboard-write; encrypted-media; gyroscope; picture-in-picture\" allowfullscreen><\/iframe>\n<\/div><\/figure>\n","protected":false},"excerpt":{"rendered":"<p>Neste quadro abordamos a rela\u00e7\u00e3o da \u00d3ptica com o empreendedorismo, assim como as oportunidades neste setor. Para assistir os semin\u00e1rios que realizamos, acessem a playlist [&hellip;]<\/p>\n","protected":false},"author":3,"featured_media":0,"parent":0,"menu_order":0,"comment_status":"closed","ping_status":"closed","template":"","meta":[],"_links":{"self":[{"href":"https:\/\/schapter.ufpr.br\/portal\/wp-json\/wp\/v2\/pages\/2037"}],"collection":[{"href":"https:\/\/schapter.ufpr.br\/portal\/wp-json\/wp\/v2\/pages"}],"about":[{"href":"https:\/\/schapter.ufpr.br\/portal\/wp-json\/wp\/v2\/types\/page"}],"author":[{"embeddable":true,"href":"https:\/\/schapter.ufpr.br\/portal\/wp-json\/wp\/v2\/users\/3"}],"replies":[{"embeddable":true,"href":"https:\/\/schapter.ufpr.br\/portal\/wp-json\/wp\/v2\/comments?post=2037"}],"version-history":[{"count":1,"href":"https:\/\/schapter.ufpr.br\/portal\/wp-json\/wp\/v2\/pages\/2037\/revisions"}],"predecessor-version":[{"id":2039,"href":"https:\/\/schapter.ufpr.br\/portal\/wp-json\/wp\/v2\/pages\/2037\/revisions\/2039"}],"wp:attachment":[{"href":"https:\/\/schapter.ufpr.br\/portal\/wp-json\/wp\/v2\/media?parent=2037"}],"curies":[{"name":"wp","href":"https:\/\/api.w.org\/{rel}","templated":true}]}}