{"id":187,"date":"2021-05-07T10:11:06","date_gmt":"2021-05-07T13:11:06","guid":{"rendered":"https:\/\/schapter.ufpr.br\/portal\/?page_id=187"},"modified":"2025-04-30T10:21:24","modified_gmt":"2025-04-30T13:21:24","slug":"quem-somos","status":"publish","type":"page","link":"https:\/\/schapter.ufpr.br\/portal\/quem-somos\/","title":{"rendered":"Quem Somos?"},"content":{"rendered":"\n<p>O\u00a0<strong>UFPR OPTICA Student Chapter<\/strong>\u00a0\u00e9 um projeto de extens\u00e3o, vinculado \u00e0\u00a0<em class=\"\">OPTICA \u2013 antiga OSA<\/em>, que objetiva congregar alunos e professores da \u00e1rea de \u00f3ptica, com o objetivo de promover um ambiente de contato entre as partes, al\u00e9m de buscar divulgar a \u00e1rea de \u00f3ptica para o p\u00fablico atrav\u00e9s de atividades diversas, como semin\u00e1rios, minicursos, eventos voltados tanto para alunos do ensino m\u00e9dio quanto do ensino superior.<\/p>\n\n\n\n<div class=\"wp-block-image\"><figure class=\"aligncenter size-large is-resized\"><img loading=\"lazy\" src=\"https:\/\/schapter.ufpr.br\/portal\/wp-content\/uploads\/2021\/10\/ufpr-optica-sc-retangular-b-1024x615.png\" alt=\"\" class=\"wp-image-1523\" width=\"512\" height=\"308\" srcset=\"https:\/\/schapter.ufpr.br\/portal\/wp-content\/uploads\/2021\/10\/ufpr-optica-sc-retangular-b-1024x615.png 1024w, https:\/\/schapter.ufpr.br\/portal\/wp-content\/uploads\/2021\/10\/ufpr-optica-sc-retangular-b-300x180.png 300w, https:\/\/schapter.ufpr.br\/portal\/wp-content\/uploads\/2021\/10\/ufpr-optica-sc-retangular-b-768x461.png 768w, https:\/\/schapter.ufpr.br\/portal\/wp-content\/uploads\/2021\/10\/ufpr-optica-sc-retangular-b-1536x922.png 1536w, https:\/\/schapter.ufpr.br\/portal\/wp-content\/uploads\/2021\/10\/ufpr-optica-sc-retangular-b-2048x1229.png 2048w, https:\/\/schapter.ufpr.br\/portal\/wp-content\/uploads\/2021\/10\/ufpr-optica-sc-retangular-b-163x98.png 163w, https:\/\/schapter.ufpr.br\/portal\/wp-content\/uploads\/2021\/10\/ufpr-optica-sc-retangular-b-75x45.png 75w\" sizes=\"(max-width: 512px) 100vw, 512px\" \/><\/figure><\/div>\n\n\n\n<p>O&nbsp;<strong>Student Chapter<\/strong>&nbsp;deve ser a porta de entrada para os alunos e professores que se interessam pela pesquisa na \u00e1rea de \u00f3ptica e buscam compartilhar experi\u00eancias em um ambiente colaborativo.<\/p>\n","protected":false},"excerpt":{"rendered":"<p>O\u00a0UFPR OPTICA Student Chapter\u00a0\u00e9 um projeto de extens\u00e3o, vinculado \u00e0\u00a0OPTICA \u2013 antiga OSA, que objetiva congregar alunos e professores da \u00e1rea de \u00f3ptica, com o [&hellip;]<\/p>\n","protected":false},"author":21,"featured_media":0,"parent":0,"menu_order":0,"comment_status":"closed","ping_status":"closed","template":"","meta":[],"_links":{"self":[{"href":"https:\/\/schapter.ufpr.br\/portal\/wp-json\/wp\/v2\/pages\/187"}],"collection":[{"href":"https:\/\/schapter.ufpr.br\/portal\/wp-json\/wp\/v2\/pages"}],"about":[{"href":"https:\/\/schapter.ufpr.br\/portal\/wp-json\/wp\/v2\/types\/page"}],"author":[{"embeddable":true,"href":"https:\/\/schapter.ufpr.br\/portal\/wp-json\/wp\/v2\/users\/21"}],"replies":[{"embeddable":true,"href":"https:\/\/schapter.ufpr.br\/portal\/wp-json\/wp\/v2\/comments?post=187"}],"version-history":[{"count":9,"href":"https:\/\/schapter.ufpr.br\/portal\/wp-json\/wp\/v2\/pages\/187\/revisions"}],"predecessor-version":[{"id":2655,"href":"https:\/\/schapter.ufpr.br\/portal\/wp-json\/wp\/v2\/pages\/187\/revisions\/2655"}],"wp:attachment":[{"href":"https:\/\/schapter.ufpr.br\/portal\/wp-json\/wp\/v2\/media?parent=187"}],"curies":[{"name":"wp","href":"https:\/\/api.w.org\/{rel}","templated":true}]}}