{"id":171,"date":"2021-05-07T10:04:09","date_gmt":"2021-05-07T13:04:09","guid":{"rendered":"https:\/\/schapter.ufpr.br\/portal\/?page_id=171"},"modified":"2026-03-13T15:27:16","modified_gmt":"2026-03-13T18:27:16","slug":"cafe-com-led","status":"publish","type":"page","link":"https:\/\/schapter.ufpr.br\/portal\/cafe-com-led\/","title":{"rendered":"Caf\u00e9 com LED!"},"content":{"rendered":"\n<p>A ideia do programa &#8220;Caf\u00e9 com LED!&#8221; \u00e9 a realiza\u00e7\u00e3o de um video-cast, e podecast, com pesquisadores abordando temas diversos sobre a sua carreira, democratiza\u00e7\u00e3o da ci\u00eancia, pol\u00edtica, dificuldades, hist\u00f3rias e preconceitos na \u00e1rea acad\u00eamica, entre outros assuntos interessantes.<\/p>\n\n\n\n<div class=\"wp-block-image\"><figure class=\"aligncenter size-large is-resized\"><a href=\"https:\/\/open.spotify.com\/show\/0TbfElvwxzct0Igmzxf56i\"><img loading=\"lazy\" src=\"https:\/\/schapter.ufpr.br\/portal\/wp-content\/uploads\/2021\/05\/logoled-1024x1024.png\" alt=\"\" class=\"wp-image-359\" width=\"350\" height=\"350\" srcset=\"https:\/\/schapter.ufpr.br\/portal\/wp-content\/uploads\/2021\/05\/logoled-1024x1024.png 1024w, https:\/\/schapter.ufpr.br\/portal\/wp-content\/uploads\/2021\/05\/logoled-300x300.png 300w, https:\/\/schapter.ufpr.br\/portal\/wp-content\/uploads\/2021\/05\/logoled-150x150.png 150w, https:\/\/schapter.ufpr.br\/portal\/wp-content\/uploads\/2021\/05\/logoled-768x767.png 768w, https:\/\/schapter.ufpr.br\/portal\/wp-content\/uploads\/2021\/05\/logoled-1536x1534.png 1536w, https:\/\/schapter.ufpr.br\/portal\/wp-content\/uploads\/2021\/05\/logoled-2048x2045.png 2048w, https:\/\/schapter.ufpr.br\/portal\/wp-content\/uploads\/2021\/05\/logoled-98x98.png 98w, https:\/\/schapter.ufpr.br\/portal\/wp-content\/uploads\/2021\/05\/logoled-57x57.png 57w\" sizes=\"(max-width: 350px) 100vw, 350px\" \/><\/a><figcaption>Clique na logo para acessar nosso perfil no Spotify.<br>Ilustra\u00e7\u00e3o: Matheus Henrique Reule.<\/figcaption><\/figure><\/div>\n\n\n\n<div class=\"wp-block-image\"><figure class=\"alignleft size-large is-resized\"><a href=\"https:\/\/schapter.ufpr.br\/portal\/2021\/05\/28\/cafe-com-led-1-denise-zezell-trajetoria-e-preconceitos-por-ser-mulher\/\"><img loading=\"lazy\" src=\"https:\/\/schapter.ufpr.br\/portal\/wp-content\/uploads\/2021\/11\/banner-cafe-com-led-1-1024x1024.png\" alt=\"\" class=\"wp-image-1843\" width=\"350\" height=\"350\" srcset=\"https:\/\/schapter.ufpr.br\/portal\/wp-content\/uploads\/2021\/11\/banner-cafe-com-led-1-1024x1024.png 1024w, https:\/\/schapter.ufpr.br\/portal\/wp-content\/uploads\/2021\/11\/banner-cafe-com-led-1-300x300.png 300w, https:\/\/schapter.ufpr.br\/portal\/wp-content\/uploads\/2021\/11\/banner-cafe-com-led-1-150x150.png 150w, https:\/\/schapter.ufpr.br\/portal\/wp-content\/uploads\/2021\/11\/banner-cafe-com-led-1-768x768.png 768w, https:\/\/schapter.ufpr.br\/portal\/wp-content\/uploads\/2021\/11\/banner-cafe-com-led-1-98x98.png 98w, https:\/\/schapter.ufpr.br\/portal\/wp-content\/uploads\/2021\/11\/banner-cafe-com-led-1-57x57.png 57w, https:\/\/schapter.ufpr.br\/portal\/wp-content\/uploads\/2021\/11\/banner-cafe-com-led-1.png 1080w\" sizes=\"(max-width: 350px) 100vw, 350px\" \/><\/a><figcaption>Ilustra\u00e7\u00e3o: Marcelo Jean Machado.<\/figcaption><\/figure><\/div>\n\n\n\n<p><\/p>\n\n\n\n<p><\/p>\n\n\n\n<p><\/p>\n\n\n\n<p><\/p>\n\n\n\n<div class=\"wp-block-image\"><figure class=\"alignright size-large is-resized\"><a href=\"https:\/\/schapter.ufpr.br\/portal\/2021\/05\/28\/cafe-com-led-2-cientista-e-tiktoker-catarina-valdez-divulgacao-cientifica-e-carreira-academica\/\"><img loading=\"lazy\" src=\"https:\/\/schapter.ufpr.br\/portal\/wp-content\/uploads\/2021\/11\/9fc372f7-3e94-46a7-873b-b7fcadf3e1ff-1024x1024.png\" alt=\"\" class=\"wp-image-1845\" width=\"350\" height=\"350\" srcset=\"https:\/\/schapter.ufpr.br\/portal\/wp-content\/uploads\/2021\/11\/9fc372f7-3e94-46a7-873b-b7fcadf3e1ff-1024x1024.png 1024w, https:\/\/schapter.ufpr.br\/portal\/wp-content\/uploads\/2021\/11\/9fc372f7-3e94-46a7-873b-b7fcadf3e1ff-300x300.png 300w, https:\/\/schapter.ufpr.br\/portal\/wp-content\/uploads\/2021\/11\/9fc372f7-3e94-46a7-873b-b7fcadf3e1ff-150x150.png 150w, https:\/\/schapter.ufpr.br\/portal\/wp-content\/uploads\/2021\/11\/9fc372f7-3e94-46a7-873b-b7fcadf3e1ff-768x768.png 768w, https:\/\/schapter.ufpr.br\/portal\/wp-content\/uploads\/2021\/11\/9fc372f7-3e94-46a7-873b-b7fcadf3e1ff-98x98.png 98w, https:\/\/schapter.ufpr.br\/portal\/wp-content\/uploads\/2021\/11\/9fc372f7-3e94-46a7-873b-b7fcadf3e1ff-57x57.png 57w, https:\/\/schapter.ufpr.br\/portal\/wp-content\/uploads\/2021\/11\/9fc372f7-3e94-46a7-873b-b7fcadf3e1ff.png 1080w\" sizes=\"(max-width: 350px) 100vw, 350px\" \/><\/a><figcaption>Ilustra\u00e7\u00e3o: Camille Vitoria Unger.<\/figcaption><\/figure><\/div>\n\n\n\n<p><\/p>\n\n\n\n<p><\/p>\n\n\n\n<p><\/p>\n\n\n\n<p><\/p>\n\n\n\n<p><\/p>\n\n\n\n<p><\/p>\n\n\n\n<div class=\"wp-block-image\"><figure class=\"aligncenter size-large is-resized\"><a href=\"https:\/\/schapter.ufpr.br\/portal\/2021\/11\/19\/cafe-com-led-3-licenciados-e-licenciadas-em-fisica-o-que-o-futuro-nos-reserva\/\"><img loading=\"lazy\" src=\"https:\/\/schapter.ufpr.br\/portal\/wp-content\/uploads\/2021\/11\/20211030_155623931_ios-1024x1024.png\" alt=\"\" class=\"wp-image-1846\" width=\"350\" height=\"350\" srcset=\"https:\/\/schapter.ufpr.br\/portal\/wp-content\/uploads\/2021\/11\/20211030_155623931_ios-1024x1024.png 1024w, https:\/\/schapter.ufpr.br\/portal\/wp-content\/uploads\/2021\/11\/20211030_155623931_ios-300x300.png 300w, https:\/\/schapter.ufpr.br\/portal\/wp-content\/uploads\/2021\/11\/20211030_155623931_ios-150x150.png 150w, https:\/\/schapter.ufpr.br\/portal\/wp-content\/uploads\/2021\/11\/20211030_155623931_ios-768x768.png 768w, https:\/\/schapter.ufpr.br\/portal\/wp-content\/uploads\/2021\/11\/20211030_155623931_ios-98x98.png 98w, https:\/\/schapter.ufpr.br\/portal\/wp-content\/uploads\/2021\/11\/20211030_155623931_ios-57x57.png 57w, https:\/\/schapter.ufpr.br\/portal\/wp-content\/uploads\/2021\/11\/20211030_155623931_ios.png 1080w\" sizes=\"(max-width: 350px) 100vw, 350px\" \/><\/a><figcaption>Ilustra\u00e7\u00e3o: Camille Vit\u00f3ria Unger.<\/figcaption><\/figure><\/div>\n\n\n\n<p><\/p>\n","protected":false},"excerpt":{"rendered":"<p>A ideia do programa &#8220;Caf\u00e9 com LED!&#8221; \u00e9 a realiza\u00e7\u00e3o de um video-cast, e podecast, com pesquisadores abordando temas diversos sobre a sua carreira, democratiza\u00e7\u00e3o [&hellip;]<\/p>\n","protected":false},"author":3,"featured_media":0,"parent":0,"menu_order":0,"comment_status":"closed","ping_status":"closed","template":"","meta":[],"_links":{"self":[{"href":"https:\/\/schapter.ufpr.br\/portal\/wp-json\/wp\/v2\/pages\/171"}],"collection":[{"href":"https:\/\/schapter.ufpr.br\/portal\/wp-json\/wp\/v2\/pages"}],"about":[{"href":"https:\/\/schapter.ufpr.br\/portal\/wp-json\/wp\/v2\/types\/page"}],"author":[{"embeddable":true,"href":"https:\/\/schapter.ufpr.br\/portal\/wp-json\/wp\/v2\/users\/3"}],"replies":[{"embeddable":true,"href":"https:\/\/schapter.ufpr.br\/portal\/wp-json\/wp\/v2\/comments?post=171"}],"version-history":[{"count":12,"href":"https:\/\/schapter.ufpr.br\/portal\/wp-json\/wp\/v2\/pages\/171\/revisions"}],"predecessor-version":[{"id":1851,"href":"https:\/\/schapter.ufpr.br\/portal\/wp-json\/wp\/v2\/pages\/171\/revisions\/1851"}],"wp:attachment":[{"href":"https:\/\/schapter.ufpr.br\/portal\/wp-json\/wp\/v2\/media?parent=171"}],"curies":[{"name":"wp","href":"https:\/\/api.w.org\/{rel}","templated":true}]}}