{"id":155,"date":"2021-05-07T09:57:05","date_gmt":"2021-05-07T12:57:05","guid":{"rendered":"https:\/\/schapter.ufpr.br\/portal\/?page_id=155"},"modified":"2025-04-11T19:49:17","modified_gmt":"2025-04-11T22:49:17","slug":"equipe","status":"publish","type":"page","link":"https:\/\/schapter.ufpr.br\/portal\/equipe\/","title":{"rendered":"Equipe"},"content":{"rendered":"\n<p>O UFPR OPTICA Student Chapter conta com a participa\u00e7\u00e3o de uma grande equipe, contemplando diversos cursos da Universidade Federal do Paran\u00e1.<\/p>\n\n\n\n<p>Aqui est\u00e3o alguns dos roteiristas, ilustradores, chairs e organizadores de evento:<\/p>\n\n\n\n<figure class=\"wp-block-gallery columns-2 is-cropped\"><ul class=\"blocks-gallery-grid\"><li class=\"blocks-gallery-item\"><figure><img loading=\"lazy\" width=\"1024\" height=\"1024\" src=\"https:\/\/schapter.ufpr.br\/portal\/wp-content\/uploads\/2025\/04\/2-3-1024x1024.png\" alt=\"\" data-id=\"2567\" data-full-url=\"https:\/\/schapter.ufpr.br\/portal\/wp-content\/uploads\/2025\/04\/2-3.png\" data-link=\"https:\/\/schapter.ufpr.br\/portal\/equipe\/2-3-2\/\" class=\"wp-image-2567\" srcset=\"https:\/\/schapter.ufpr.br\/portal\/wp-content\/uploads\/2025\/04\/2-3-1024x1024.png 1024w, https:\/\/schapter.ufpr.br\/portal\/wp-content\/uploads\/2025\/04\/2-3-300x300.png 300w, https:\/\/schapter.ufpr.br\/portal\/wp-content\/uploads\/2025\/04\/2-3-150x150.png 150w, https:\/\/schapter.ufpr.br\/portal\/wp-content\/uploads\/2025\/04\/2-3-768x768.png 768w, https:\/\/schapter.ufpr.br\/portal\/wp-content\/uploads\/2025\/04\/2-3-98x98.png 98w, https:\/\/schapter.ufpr.br\/portal\/wp-content\/uploads\/2025\/04\/2-3-57x57.png 57w, https:\/\/schapter.ufpr.br\/portal\/wp-content\/uploads\/2025\/04\/2-3.png 1080w\" sizes=\"(max-width: 1024px) 100vw, 1024px\" \/><\/figure><\/li><li class=\"blocks-gallery-item\"><figure><img loading=\"lazy\" width=\"1024\" height=\"1024\" src=\"https:\/\/schapter.ufpr.br\/portal\/wp-content\/uploads\/2025\/04\/3-3-1024x1024.png\" alt=\"\" data-id=\"2568\" data-full-url=\"https:\/\/schapter.ufpr.br\/portal\/wp-content\/uploads\/2025\/04\/3-3.png\" data-link=\"https:\/\/schapter.ufpr.br\/portal\/equipe\/3-3-2\/\" class=\"wp-image-2568\" srcset=\"https:\/\/schapter.ufpr.br\/portal\/wp-content\/uploads\/2025\/04\/3-3-1024x1024.png 1024w, https:\/\/schapter.ufpr.br\/portal\/wp-content\/uploads\/2025\/04\/3-3-300x300.png 300w, https:\/\/schapter.ufpr.br\/portal\/wp-content\/uploads\/2025\/04\/3-3-150x150.png 150w, https:\/\/schapter.ufpr.br\/portal\/wp-content\/uploads\/2025\/04\/3-3-768x768.png 768w, https:\/\/schapter.ufpr.br\/portal\/wp-content\/uploads\/2025\/04\/3-3-98x98.png 98w, https:\/\/schapter.ufpr.br\/portal\/wp-content\/uploads\/2025\/04\/3-3-57x57.png 57w, https:\/\/schapter.ufpr.br\/portal\/wp-content\/uploads\/2025\/04\/3-3.png 1080w\" sizes=\"(max-width: 1024px) 100vw, 1024px\" \/><\/figure><\/li><li class=\"blocks-gallery-item\"><figure><img loading=\"lazy\" width=\"1024\" height=\"1024\" src=\"https:\/\/schapter.ufpr.br\/portal\/wp-content\/uploads\/2025\/04\/4-2-1024x1024.png\" alt=\"\" data-id=\"2569\" data-full-url=\"https:\/\/schapter.ufpr.br\/portal\/wp-content\/uploads\/2025\/04\/4-2.png\" data-link=\"https:\/\/schapter.ufpr.br\/portal\/equipe\/4-2-3\/\" class=\"wp-image-2569\" srcset=\"https:\/\/schapter.ufpr.br\/portal\/wp-content\/uploads\/2025\/04\/4-2-1024x1024.png 1024w, https:\/\/schapter.ufpr.br\/portal\/wp-content\/uploads\/2025\/04\/4-2-300x300.png 300w, https:\/\/schapter.ufpr.br\/portal\/wp-content\/uploads\/2025\/04\/4-2-150x150.png 150w, https:\/\/schapter.ufpr.br\/portal\/wp-content\/uploads\/2025\/04\/4-2-768x768.png 768w, https:\/\/schapter.ufpr.br\/portal\/wp-content\/uploads\/2025\/04\/4-2-98x98.png 98w, https:\/\/schapter.ufpr.br\/portal\/wp-content\/uploads\/2025\/04\/4-2-57x57.png 57w, https:\/\/schapter.ufpr.br\/portal\/wp-content\/uploads\/2025\/04\/4-2.png 1080w\" sizes=\"(max-width: 1024px) 100vw, 1024px\" \/><\/figure><\/li><li class=\"blocks-gallery-item\"><figure><img loading=\"lazy\" width=\"1024\" height=\"1024\" src=\"https:\/\/schapter.ufpr.br\/portal\/wp-content\/uploads\/2025\/04\/5-2-1024x1024.png\" alt=\"\" data-id=\"2570\" data-full-url=\"https:\/\/schapter.ufpr.br\/portal\/wp-content\/uploads\/2025\/04\/5-2.png\" data-link=\"https:\/\/schapter.ufpr.br\/portal\/equipe\/5-2-2\/\" class=\"wp-image-2570\" srcset=\"https:\/\/schapter.ufpr.br\/portal\/wp-content\/uploads\/2025\/04\/5-2-1024x1024.png 1024w, https:\/\/schapter.ufpr.br\/portal\/wp-content\/uploads\/2025\/04\/5-2-300x300.png 300w, https:\/\/schapter.ufpr.br\/portal\/wp-content\/uploads\/2025\/04\/5-2-150x150.png 150w, https:\/\/schapter.ufpr.br\/portal\/wp-content\/uploads\/2025\/04\/5-2-768x768.png 768w, https:\/\/schapter.ufpr.br\/portal\/wp-content\/uploads\/2025\/04\/5-2-98x98.png 98w, https:\/\/schapter.ufpr.br\/portal\/wp-content\/uploads\/2025\/04\/5-2-57x57.png 57w, https:\/\/schapter.ufpr.br\/portal\/wp-content\/uploads\/2025\/04\/5-2.png 1080w\" sizes=\"(max-width: 1024px) 100vw, 1024px\" \/><\/figure><\/li><li class=\"blocks-gallery-item\"><figure><img loading=\"lazy\" width=\"1024\" height=\"1024\" src=\"https:\/\/schapter.ufpr.br\/portal\/wp-content\/uploads\/2025\/04\/6-1-1024x1024.png\" alt=\"\" data-id=\"2571\" data-full-url=\"https:\/\/schapter.ufpr.br\/portal\/wp-content\/uploads\/2025\/04\/6-1.png\" data-link=\"https:\/\/schapter.ufpr.br\/portal\/equipe\/6-1-2\/\" class=\"wp-image-2571\" srcset=\"https:\/\/schapter.ufpr.br\/portal\/wp-content\/uploads\/2025\/04\/6-1-1024x1024.png 1024w, https:\/\/schapter.ufpr.br\/portal\/wp-content\/uploads\/2025\/04\/6-1-300x300.png 300w, https:\/\/schapter.ufpr.br\/portal\/wp-content\/uploads\/2025\/04\/6-1-150x150.png 150w, https:\/\/schapter.ufpr.br\/portal\/wp-content\/uploads\/2025\/04\/6-1-768x768.png 768w, https:\/\/schapter.ufpr.br\/portal\/wp-content\/uploads\/2025\/04\/6-1-98x98.png 98w, https:\/\/schapter.ufpr.br\/portal\/wp-content\/uploads\/2025\/04\/6-1-57x57.png 57w, https:\/\/schapter.ufpr.br\/portal\/wp-content\/uploads\/2025\/04\/6-1.png 1080w\" sizes=\"(max-width: 1024px) 100vw, 1024px\" \/><\/figure><\/li><li class=\"blocks-gallery-item\"><figure><img loading=\"lazy\" width=\"1024\" height=\"1024\" src=\"https:\/\/schapter.ufpr.br\/portal\/wp-content\/uploads\/2025\/04\/7-1-1024x1024.png\" alt=\"\" data-id=\"2572\" data-full-url=\"https:\/\/schapter.ufpr.br\/portal\/wp-content\/uploads\/2025\/04\/7-1.png\" data-link=\"https:\/\/schapter.ufpr.br\/portal\/equipe\/7-1-2\/\" class=\"wp-image-2572\" srcset=\"https:\/\/schapter.ufpr.br\/portal\/wp-content\/uploads\/2025\/04\/7-1-1024x1024.png 1024w, https:\/\/schapter.ufpr.br\/portal\/wp-content\/uploads\/2025\/04\/7-1-300x300.png 300w, https:\/\/schapter.ufpr.br\/portal\/wp-content\/uploads\/2025\/04\/7-1-150x150.png 150w, https:\/\/schapter.ufpr.br\/portal\/wp-content\/uploads\/2025\/04\/7-1-768x768.png 768w, https:\/\/schapter.ufpr.br\/portal\/wp-content\/uploads\/2025\/04\/7-1-98x98.png 98w, https:\/\/schapter.ufpr.br\/portal\/wp-content\/uploads\/2025\/04\/7-1-57x57.png 57w, https:\/\/schapter.ufpr.br\/portal\/wp-content\/uploads\/2025\/04\/7-1.png 1080w\" sizes=\"(max-width: 1024px) 100vw, 1024px\" \/><\/figure><\/li><li class=\"blocks-gallery-item\"><figure><img loading=\"lazy\" width=\"1024\" height=\"1024\" src=\"https:\/\/schapter.ufpr.br\/portal\/wp-content\/uploads\/2025\/04\/8-1-1024x1024.png\" alt=\"\" data-id=\"2573\" data-full-url=\"https:\/\/schapter.ufpr.br\/portal\/wp-content\/uploads\/2025\/04\/8-1.png\" data-link=\"https:\/\/schapter.ufpr.br\/portal\/equipe\/8-1\/\" class=\"wp-image-2573\" srcset=\"https:\/\/schapter.ufpr.br\/portal\/wp-content\/uploads\/2025\/04\/8-1-1024x1024.png 1024w, https:\/\/schapter.ufpr.br\/portal\/wp-content\/uploads\/2025\/04\/8-1-300x300.png 300w, https:\/\/schapter.ufpr.br\/portal\/wp-content\/uploads\/2025\/04\/8-1-150x150.png 150w, https:\/\/schapter.ufpr.br\/portal\/wp-content\/uploads\/2025\/04\/8-1-768x768.png 768w, https:\/\/schapter.ufpr.br\/portal\/wp-content\/uploads\/2025\/04\/8-1-98x98.png 98w, https:\/\/schapter.ufpr.br\/portal\/wp-content\/uploads\/2025\/04\/8-1-57x57.png 57w, https:\/\/schapter.ufpr.br\/portal\/wp-content\/uploads\/2025\/04\/8-1.png 1080w\" sizes=\"(max-width: 1024px) 100vw, 1024px\" \/><\/figure><\/li><li class=\"blocks-gallery-item\"><figure><img loading=\"lazy\" width=\"1024\" height=\"1024\" src=\"https:\/\/schapter.ufpr.br\/portal\/wp-content\/uploads\/2025\/04\/9-2-1024x1024.png\" alt=\"\" data-id=\"2574\" data-full-url=\"https:\/\/schapter.ufpr.br\/portal\/wp-content\/uploads\/2025\/04\/9-2.png\" data-link=\"https:\/\/schapter.ufpr.br\/portal\/equipe\/9-2-2\/\" class=\"wp-image-2574\" srcset=\"https:\/\/schapter.ufpr.br\/portal\/wp-content\/uploads\/2025\/04\/9-2-1024x1024.png 1024w, https:\/\/schapter.ufpr.br\/portal\/wp-content\/uploads\/2025\/04\/9-2-300x300.png 300w, https:\/\/schapter.ufpr.br\/portal\/wp-content\/uploads\/2025\/04\/9-2-150x150.png 150w, https:\/\/schapter.ufpr.br\/portal\/wp-content\/uploads\/2025\/04\/9-2-768x768.png 768w, https:\/\/schapter.ufpr.br\/portal\/wp-content\/uploads\/2025\/04\/9-2-98x98.png 98w, https:\/\/schapter.ufpr.br\/portal\/wp-content\/uploads\/2025\/04\/9-2-57x57.png 57w, https:\/\/schapter.ufpr.br\/portal\/wp-content\/uploads\/2025\/04\/9-2.png 1080w\" sizes=\"(max-width: 1024px) 100vw, 1024px\" \/><\/figure><\/li><li class=\"blocks-gallery-item\"><figure><img loading=\"lazy\" width=\"1024\" height=\"1024\" src=\"https:\/\/schapter.ufpr.br\/portal\/wp-content\/uploads\/2025\/04\/10-2-1024x1024.png\" alt=\"\" data-id=\"2575\" data-full-url=\"https:\/\/schapter.ufpr.br\/portal\/wp-content\/uploads\/2025\/04\/10-2.png\" data-link=\"https:\/\/schapter.ufpr.br\/portal\/equipe\/10-2-2\/\" class=\"wp-image-2575\" srcset=\"https:\/\/schapter.ufpr.br\/portal\/wp-content\/uploads\/2025\/04\/10-2-1024x1024.png 1024w, https:\/\/schapter.ufpr.br\/portal\/wp-content\/uploads\/2025\/04\/10-2-300x300.png 300w, https:\/\/schapter.ufpr.br\/portal\/wp-content\/uploads\/2025\/04\/10-2-150x150.png 150w, https:\/\/schapter.ufpr.br\/portal\/wp-content\/uploads\/2025\/04\/10-2-768x768.png 768w, https:\/\/schapter.ufpr.br\/portal\/wp-content\/uploads\/2025\/04\/10-2-98x98.png 98w, https:\/\/schapter.ufpr.br\/portal\/wp-content\/uploads\/2025\/04\/10-2-57x57.png 57w, https:\/\/schapter.ufpr.br\/portal\/wp-content\/uploads\/2025\/04\/10-2.png 1080w\" sizes=\"(max-width: 1024px) 100vw, 1024px\" \/><\/figure><\/li><li class=\"blocks-gallery-item\"><figure><img loading=\"lazy\" width=\"1024\" height=\"1024\" src=\"https:\/\/schapter.ufpr.br\/portal\/wp-content\/uploads\/2025\/04\/11-1-1024x1024.png\" alt=\"\" data-id=\"2576\" data-full-url=\"https:\/\/schapter.ufpr.br\/portal\/wp-content\/uploads\/2025\/04\/11-1.png\" data-link=\"https:\/\/schapter.ufpr.br\/portal\/equipe\/11-1\/\" class=\"wp-image-2576\" srcset=\"https:\/\/schapter.ufpr.br\/portal\/wp-content\/uploads\/2025\/04\/11-1-1024x1024.png 1024w, https:\/\/schapter.ufpr.br\/portal\/wp-content\/uploads\/2025\/04\/11-1-300x300.png 300w, https:\/\/schapter.ufpr.br\/portal\/wp-content\/uploads\/2025\/04\/11-1-150x150.png 150w, https:\/\/schapter.ufpr.br\/portal\/wp-content\/uploads\/2025\/04\/11-1-768x768.png 768w, https:\/\/schapter.ufpr.br\/portal\/wp-content\/uploads\/2025\/04\/11-1-98x98.png 98w, https:\/\/schapter.ufpr.br\/portal\/wp-content\/uploads\/2025\/04\/11-1-57x57.png 57w, https:\/\/schapter.ufpr.br\/portal\/wp-content\/uploads\/2025\/04\/11-1.png 1080w\" sizes=\"(max-width: 1024px) 100vw, 1024px\" \/><\/figure><\/li><\/ul><\/figure>\n\n\n\n<p><\/p>\n","protected":false},"excerpt":{"rendered":"<p>O UFPR OPTICA Student Chapter conta com a participa\u00e7\u00e3o de uma grande equipe, contemplando diversos cursos da Universidade Federal do Paran\u00e1. Aqui est\u00e3o alguns dos [&hellip;]<\/p>\n","protected":false},"author":21,"featured_media":0,"parent":0,"menu_order":0,"comment_status":"closed","ping_status":"closed","template":"","meta":[],"_links":{"self":[{"href":"https:\/\/schapter.ufpr.br\/portal\/wp-json\/wp\/v2\/pages\/155"}],"collection":[{"href":"https:\/\/schapter.ufpr.br\/portal\/wp-json\/wp\/v2\/pages"}],"about":[{"href":"https:\/\/schapter.ufpr.br\/portal\/wp-json\/wp\/v2\/types\/page"}],"author":[{"embeddable":true,"href":"https:\/\/schapter.ufpr.br\/portal\/wp-json\/wp\/v2\/users\/21"}],"replies":[{"embeddable":true,"href":"https:\/\/schapter.ufpr.br\/portal\/wp-json\/wp\/v2\/comments?post=155"}],"version-history":[{"count":16,"href":"https:\/\/schapter.ufpr.br\/portal\/wp-json\/wp\/v2\/pages\/155\/revisions"}],"predecessor-version":[{"id":2578,"href":"https:\/\/schapter.ufpr.br\/portal\/wp-json\/wp\/v2\/pages\/155\/revisions\/2578"}],"wp:attachment":[{"href":"https:\/\/schapter.ufpr.br\/portal\/wp-json\/wp\/v2\/media?parent=155"}],"curies":[{"name":"wp","href":"https:\/\/api.w.org\/{rel}","templated":true}]}}